{"id":5090,"date":"2020-12-11T16:13:47","date_gmt":"2020-12-11T15:13:47","guid":{"rendered":"https:\/\/cmp.nu\/?page_id=5090"},"modified":"2020-12-11T16:13:49","modified_gmt":"2020-12-11T15:13:49","slug":"video-film","status":"publish","type":"page","link":"https:\/\/cmp.nu\/index.php\/video-film\/","title":{"rendered":"Video\/Film"},"content":{"rendered":"\n<p>Varje video- och filmproduktion \u00e4r olika, s\u00e5 kontakta mig f\u00f6r mer information!<\/p>\n\n\n\n<p>H\u00e4r \u00e4r n\u00e5gra av de produktioner jag har varit delaktig i, fler kommer n\u00e4r de har haft premi\u00e4r!<\/p>\n\n\n\n<figure class=\"wp-block-embed is-type-video is-provider-youtube wp-block-embed-youtube wp-embed-aspect-16-9 wp-has-aspect-ratio\"><div class=\"wp-block-embed__wrapper\">\n<span class=\"embed-youtube\" style=\"text-align:center; display: block;\"><iframe loading=\"lazy\" class=\"youtube-player\" width=\"1160\" height=\"653\" src=\"https:\/\/www.youtube.com\/embed\/sljZRUD9jeg?version=3&#038;rel=1&#038;showsearch=0&#038;showinfo=1&#038;iv_load_policy=1&#038;fs=1&#038;hl=en-US&#038;autohide=2&#038;wmode=transparent\" allowfullscreen=\"true\" style=\"border:0;\" sandbox=\"allow-scripts allow-same-origin allow-popups allow-presentation\"><\/iframe><\/span>\n<\/div><\/figure>\n\n\n\n<figure class=\"wp-block-embed is-type-video is-provider-youtube wp-block-embed-youtube wp-embed-aspect-16-9 wp-has-aspect-ratio\"><div class=\"wp-block-embed__wrapper\">\n<span class=\"embed-youtube\" style=\"text-align:center; display: block;\"><iframe loading=\"lazy\" class=\"youtube-player\" width=\"1160\" height=\"653\" src=\"https:\/\/www.youtube.com\/embed\/nFklEz2b8s0?version=3&#038;rel=1&#038;showsearch=0&#038;showinfo=1&#038;iv_load_policy=1&#038;fs=1&#038;hl=en-US&#038;autohide=2&#038;wmode=transparent\" allowfullscreen=\"true\" style=\"border:0;\" sandbox=\"allow-scripts allow-same-origin allow-popups allow-presentation\"><\/iframe><\/span>\n<\/div><\/figure>\n","protected":false},"excerpt":{"rendered":"<p>Varje video- och filmproduktion \u00e4r olika, s\u00e5 kontakta mig f\u00f6r mer information! H\u00e4r \u00e4r n\u00e5gra av de produktioner jag har varit delaktig i, fler kommer n\u00e4r de har haft premi\u00e4r!<\/p>\n<p><a href=\"https:\/\/cmp.nu\/index.php\/video-film\/\" class=\"more-link style1-button\">Read More<\/a><\/p>","protected":false},"author":1,"featured_media":0,"parent":0,"menu_order":0,"comment_status":"closed","ping_status":"closed","template":"","meta":{"jetpack_post_was_ever_published":false},"jetpack_sharing_enabled":true,"jetpack_shortlink":"https:\/\/wp.me\/PaD10l-1k6","_links":{"self":[{"href":"https:\/\/cmp.nu\/index.php\/wp-json\/wp\/v2\/pages\/5090"}],"collection":[{"href":"https:\/\/cmp.nu\/index.php\/wp-json\/wp\/v2\/pages"}],"about":[{"href":"https:\/\/cmp.nu\/index.php\/wp-json\/wp\/v2\/types\/page"}],"author":[{"embeddable":true,"href":"https:\/\/cmp.nu\/index.php\/wp-json\/wp\/v2\/users\/1"}],"replies":[{"embeddable":true,"href":"https:\/\/cmp.nu\/index.php\/wp-json\/wp\/v2\/comments?post=5090"}],"version-history":[{"count":1,"href":"https:\/\/cmp.nu\/index.php\/wp-json\/wp\/v2\/pages\/5090\/revisions"}],"predecessor-version":[{"id":5091,"href":"https:\/\/cmp.nu\/index.php\/wp-json\/wp\/v2\/pages\/5090\/revisions\/5091"}],"wp:attachment":[{"href":"https:\/\/cmp.nu\/index.php\/wp-json\/wp\/v2\/media?parent=5090"}],"curies":[{"name":"wp","href":"https:\/\/api.w.org\/{rel}","templated":true}]}}