{"id":3380,"date":"2018-11-04T14:05:51","date_gmt":"2018-11-04T14:05:51","guid":{"rendered":"https:\/\/pelle.cmp.nu\/?page_id=3380"},"modified":"2018-11-07T14:36:36","modified_gmt":"2018-11-07T13:36:36","slug":"brollop-2","status":"publish","type":"page","link":"https:\/\/cmp.nu\/index.php\/brollop-2\/","title":{"rendered":"Br\u00f6llop"},"content":{"rendered":"<div  class=\"tatsu-SkbOmcI1aQ tatsu-section    tatsu-clearfix\" data-title=\"\"  data-headerscheme=\"background--dark\"><div class='tatsu-section-pad clearfix' data-padding='{\"d\":\"90px 0px 90px 0px\"}' data-padding-top='90px'><div class=\"tatsu-row-wrap  tatsu-wrap tatsu-row-one-col tatsu-row-has-one-cols tatsu-medium-gutter tatsu-reg-cols  tatsu-clearfix tatsu-r1eu79UJam\" ><div  class=\"tatsu-row \" ><div  class=\"tatsu-column  tatsu-column-no-bg tatsu-one-col tatsu-column-image-none tatsu-column-effect-none  tatsu-Bkdm9Lk6X\" data-animation=\"fadeIn\"   data-parallax-speed=\"0\" style=\"\"><div class=\"tatsu-column-inner \" ><div class=\"tatsu-column-pad-wrap\"><div class=\"tatsu-column-pad\" ><div  class=\"tatsu-module tatsu-text-block-wrap tatsu-ryldyP16Q  \"><div class=\"tatsu-text-inner tatsu-align-center  clearfix\" data-animation=\"fadeIn\"  ><style>.tatsu-ryldyP16Q.tatsu-text-block-wrap .tatsu-text-inner{width: 93%;}<\/style>\n<h3>BR\u00d6LLOP<\/h3>\n<h5><strong>Att gifta sig<\/strong> \u00e4r en stor h\u00e4ndelse i livet och kan vara en stor investering. Det kostar med mat, lokal, dryck, kl\u00e4der, ringar och framf\u00f6r allt tid.\u00a0N\u00e4r sen den stora dagen \u00e4r kommen s\u00e5 kan det vara sk\u00f6nt att veta att allt blir f\u00f6revigat av en professionell fotograf.<\/h5>\n<p><img decoding=\"async\" loading=\"lazy\" class=\"wp-image-3364 size-medium alignleft\" src=\"https:\/\/pelle.cmp.nu\/wp-content\/uploads\/2018\/11\/Jill-Stoffe_Exported-13-300x200.jpg\" alt=\"\" width=\"300\" height=\"200\" srcset=\"https:\/\/cmp.nu\/wp-content\/uploads\/2018\/11\/Jill-Stoffe_Exported-13-300x200.jpg 300w, https:\/\/cmp.nu\/wp-content\/uploads\/2018\/11\/Jill-Stoffe_Exported-13-600x400.jpg 600w, https:\/\/cmp.nu\/wp-content\/uploads\/2018\/11\/Jill-Stoffe_Exported-13-768x512.jpg 768w, https:\/\/cmp.nu\/wp-content\/uploads\/2018\/11\/Jill-Stoffe_Exported-13-1024x683.jpg 1024w, https:\/\/cmp.nu\/wp-content\/uploads\/2018\/11\/Jill-Stoffe_Exported-13-75x50.jpg 75w, https:\/\/cmp.nu\/wp-content\/uploads\/2018\/11\/Jill-Stoffe_Exported-13-650x433.jpg 650w, https:\/\/cmp.nu\/wp-content\/uploads\/2018\/11\/Jill-Stoffe_Exported-13-1000x667.jpg 1000w, https:\/\/cmp.nu\/wp-content\/uploads\/2018\/11\/Jill-Stoffe_Exported-13.jpg 1536w\" sizes=\"(max-width: 300px) 100vw, 300px\" \/><img decoding=\"async\" loading=\"lazy\" class=\"size-medium wp-image-3491 alignleft\" src=\"https:\/\/pelle.cmp.nu\/wp-content\/uploads\/2018\/11\/Charlotta-och-Johnny-20170520-152-200x300.jpg\" alt=\"\" width=\"200\" height=\"300\" srcset=\"https:\/\/cmp.nu\/wp-content\/uploads\/2018\/11\/Charlotta-och-Johnny-20170520-152-200x300.jpg 200w, https:\/\/cmp.nu\/wp-content\/uploads\/2018\/11\/Charlotta-och-Johnny-20170520-152-600x900.jpg 600w, https:\/\/cmp.nu\/wp-content\/uploads\/2018\/11\/Charlotta-och-Johnny-20170520-152-768x1152.jpg 768w, https:\/\/cmp.nu\/wp-content\/uploads\/2018\/11\/Charlotta-och-Johnny-20170520-152-683x1024.jpg 683w, https:\/\/cmp.nu\/wp-content\/uploads\/2018\/11\/Charlotta-och-Johnny-20170520-152-33x50.jpg 33w, https:\/\/cmp.nu\/wp-content\/uploads\/2018\/11\/Charlotta-och-Johnny-20170520-152-650x975.jpg 650w, https:\/\/cmp.nu\/wp-content\/uploads\/2018\/11\/Charlotta-och-Johnny-20170520-152-1000x1500.jpg 1000w, https:\/\/cmp.nu\/wp-content\/uploads\/2018\/11\/Charlotta-och-Johnny-20170520-152.jpg 1365w\" sizes=\"(max-width: 200px) 100vw, 200px\" \/><img decoding=\"async\" loading=\"lazy\" class=\"alignnone size-medium wp-image-3492\" src=\"https:\/\/pelle.cmp.nu\/wp-content\/uploads\/2018\/11\/Edited_5D3_0505-200x300.jpg\" alt=\"\" width=\"200\" height=\"300\" srcset=\"https:\/\/cmp.nu\/wp-content\/uploads\/2018\/11\/Edited_5D3_0505-200x300.jpg 200w, https:\/\/cmp.nu\/wp-content\/uploads\/2018\/11\/Edited_5D3_0505-600x900.jpg 600w, https:\/\/cmp.nu\/wp-content\/uploads\/2018\/11\/Edited_5D3_0505-768x1152.jpg 768w, https:\/\/cmp.nu\/wp-content\/uploads\/2018\/11\/Edited_5D3_0505-683x1024.jpg 683w, https:\/\/cmp.nu\/wp-content\/uploads\/2018\/11\/Edited_5D3_0505-33x50.jpg 33w, https:\/\/cmp.nu\/wp-content\/uploads\/2018\/11\/Edited_5D3_0505-650x975.jpg 650w, https:\/\/cmp.nu\/wp-content\/uploads\/2018\/11\/Edited_5D3_0505-1000x1500.jpg 1000w, https:\/\/cmp.nu\/wp-content\/uploads\/2018\/11\/Edited_5D3_0505.jpg 1365w\" sizes=\"(max-width: 200px) 100vw, 200px\" \/><img decoding=\"async\" loading=\"lazy\" class=\"size-medium wp-image-3493 alignright\" src=\"https:\/\/pelle.cmp.nu\/wp-content\/uploads\/2018\/11\/5DM40243-300x200.jpg\" alt=\"\" width=\"300\" height=\"200\" srcset=\"https:\/\/cmp.nu\/wp-content\/uploads\/2018\/11\/5DM40243-300x200.jpg 300w, https:\/\/cmp.nu\/wp-content\/uploads\/2018\/11\/5DM40243-600x400.jpg 600w, https:\/\/cmp.nu\/wp-content\/uploads\/2018\/11\/5DM40243-768x512.jpg 768w, https:\/\/cmp.nu\/wp-content\/uploads\/2018\/11\/5DM40243-1024x683.jpg 1024w, https:\/\/cmp.nu\/wp-content\/uploads\/2018\/11\/5DM40243-75x50.jpg 75w, https:\/\/cmp.nu\/wp-content\/uploads\/2018\/11\/5DM40243-650x433.jpg 650w, https:\/\/cmp.nu\/wp-content\/uploads\/2018\/11\/5DM40243-1000x667.jpg 1000w, https:\/\/cmp.nu\/wp-content\/uploads\/2018\/11\/5DM40243.jpg 2048w\" sizes=\"(max-width: 300px) 100vw, 300px\" \/><\/p>\n<h5><strong>N\u00e4r jag fotar<\/strong> br\u00f6llop s\u00e5 fotar jag dokument\u00e4rt, dvs jag f\u00f6rs\u00f6ker att inte styra upp br\u00f6llopsparet i olika poser (dock h\u00e4nder det ibland, m\u00e5ste jag erk\u00e4nna). Jag gillar att f\u00e5nga de \u00e4kta k\u00e4nslorna och de kommer inte fram vid posering fr\u00e5n fotografen. Vid br\u00f6llopsportr\u00e4ttfoto brukar jag d\u00e4rf\u00f6r ge brudparet sm\u00e5 uppdrag, det kan vara allt fr\u00e5n en f\u00e5nig fr\u00e5gesport till n\u00e5got mer k\u00e4nslosamt som lockar fram skrattet och kanske \u00e4ven en liten t\u00e5r, men det \u00e4r v\u00e4rme, k\u00e4rlek och \u00e4kta.<\/h5>\n<h5><strong>I alla br\u00f6llopspaket nedan s\u00e5 ing\u00e5r:<\/strong><\/h5>\n<\/div><\/div><ul  class=\"tatsu-module tatsu-list tatsu-BJ4bc2NxTQ    tatsu-lists-icon\" ><style>.tatsu-BJ4bc2NxTQ{margin: 0 0 60px 0;}.tatsu-BJ4bc2NxTQ .tatsu-list-content{margin: 0 0 12px 0px;}<\/style><li  class=\"tatsu-list-content tatsu-Hyb9hVxa7   \" ><div class=\"tatsu-list-icon-wrap\" ><i class=\"tatsu-icon icon-icon_check \"><\/i><\/div><div class=\"tatsu-list-inner\">\n<h5><em><strong>En tr\u00e4ff<\/strong><\/em> innan br\u00f6llopet med provfotografering och planering<\/h5>\n<\/div><style>.tatsu-Hyb9hVxa7 .tatsu-icon, .tatsu-Hyb9hVxa7.tatsu-list-content::before{color: #af9f66 ;}.tatsu-Hyb9hVxa7{border-style: {\"d\":\"solid\",\"l\":\"solid\",\"t\":\"solid\",\"m\":\"solid\"};}<\/style><\/li><li  class=\"tatsu-list-content tatsu-Hyx-qnVxpQ   \" ><div class=\"tatsu-list-icon-wrap\" ><i class=\"tatsu-icon icon-icon_check \"><\/i><\/div><div class=\"tatsu-list-inner\">\n<h5><em><strong>Resor till<\/strong><\/em> och fr\u00e5n platsen ni gifter er\/har festen (inom Stockholms l\u00e4n)<\/h5>\n<\/div><style>.tatsu-Hyx-qnVxpQ .tatsu-icon, .tatsu-Hyx-qnVxpQ.tatsu-list-content::before{color: #af9f66 ;}.tatsu-Hyx-qnVxpQ{border-style: {\"d\":\"solid\",\"l\":\"solid\",\"t\":\"solid\",\"m\":\"solid\"};}<\/style><\/li><li  class=\"tatsu-list-content tatsu-SJ--92El67   \" ><div class=\"tatsu-list-icon-wrap\" ><i class=\"tatsu-icon icon-icon_check \"><\/i><\/div><div class=\"tatsu-list-inner\">\n<h5><em><strong>Alla bilder<\/strong><\/em> efter mitt urval (\u00e4ven den b\u00e4sta kan misslyckas med att s\u00e4tta fokus eller annat ibland). Minsta antal bilder beror helt p\u00e5 vilket paket ni v\u00e4ljer och hur l\u00e4nge jag \u00e4r p\u00e5 plats. Dock lovar jag att ni inte kommer bli besvikna. Oftast levererar jag fler bilder \u00e4n det uppskattade antalet som n\u00e4mns i paketen nedan.<\/h5>\n<\/div><style>.tatsu-SJ--92El67 .tatsu-icon, .tatsu-SJ--92El67.tatsu-list-content::before{color: #af9f66 ;}.tatsu-SJ--92El67{border-style: {\"d\":\"solid\",\"l\":\"solid\",\"t\":\"solid\",\"m\":\"solid\"};}<\/style><\/li><li  class=\"tatsu-list-content tatsu-HkM-q2Vx6X   \" ><div class=\"tatsu-list-icon-wrap\" ><i class=\"tatsu-icon icon-icon_check \"><\/i><\/div><div class=\"tatsu-list-inner\">\n<h5><em><strong>Leverans i<\/strong><\/em> h\u00f6g- och l\u00e5guppl\u00f6st JPG-format p\u00e5 USB-sticka eller nerladdning \u00f6vet Internet.<\/h5>\n<\/div><style>.tatsu-HkM-q2Vx6X .tatsu-icon, .tatsu-HkM-q2Vx6X.tatsu-list-content::before{color: #af9f66 ;}.tatsu-HkM-q2Vx6X{border-style: {\"d\":\"solid\",\"l\":\"solid\",\"t\":\"solid\",\"m\":\"solid\"};}<\/style><\/li><li  class=\"tatsu-list-content tatsu-HkXW5nNxpQ   \" ><div class=\"tatsu-list-icon-wrap\" ><i class=\"tatsu-icon icon-icon_check \"><\/i><\/div><div class=\"tatsu-list-inner\">\n<h5><em><strong>Alla bilder<\/strong><\/em> grundredigeras och portr\u00e4tten f\u00e5r lite extra omsorg om det beh\u00f6vs (dvs en l\u00e4tt retusch f\u00f6r att j\u00e4mna ut oj\u00e4mn hy eller ta bort en finne som kommit p\u00e5 ol\u00e4mpligt bes\u00f6k just p\u00e5 er stora dag).\u00a0<\/h5>\n<\/div><style>.tatsu-HkXW5nNxpQ .tatsu-icon, .tatsu-HkXW5nNxpQ.tatsu-list-content::before{color: #af9f66 ;}.tatsu-HkXW5nNxpQ{border-style: {\"d\":\"solid\",\"l\":\"solid\",\"t\":\"solid\",\"m\":\"solid\"};}<\/style><\/li><li  class=\"tatsu-list-content tatsu-S1iqOLgTX   \" ><div class=\"tatsu-list-icon-wrap\" ><i class=\"tatsu-icon icon-icon_check \"><\/i><\/div><div class=\"tatsu-list-inner\">\n<h5><em><strong>Jag vill<\/strong><\/em> g\u00e4rna att det g\u00e5r att planera s\u00e5 att jag f\u00e5r en timme tillsammans med er f\u00f6r portr\u00e4tten, g\u00e4rna p\u00e5 en plats d\u00e4r \u00f6vriga g\u00e4ster inte uppeh\u00e5ller sig under tiden f\u00f6r portr\u00e4ttfotograferingen. Sj\u00e4lvklart ser jag g\u00e4rna att Best Man\/T\u00e4rnor \u00e4r med.<\/h5>\n<\/div><style>.tatsu-S1iqOLgTX .tatsu-icon, .tatsu-S1iqOLgTX.tatsu-list-content::before{color: #af9f66 ;}.tatsu-S1iqOLgTX{border-style: {\"d\":\"solid\",\"l\":\"solid\",\"t\":\"solid\",\"m\":\"solid\"};}<\/style><\/li><\/ul><\/div><\/div><div class = \"tatsu-column-bg-image-wrap\"><div class = \"tatsu-column-bg-image\" ><\/div><\/div><\/div><style>.tatsu-row > .tatsu-Bkdm9Lk6X.tatsu-column{width: 100%;}.tatsu-Bkdm9Lk6X.tatsu-column > .tatsu-column-inner > .tatsu-column-overlay{mix-blend-mode: none;}.tatsu-Bkdm9Lk6X > .tatsu-column-inner > .tatsu-top-divider{z-index: 9999;}.tatsu-Bkdm9Lk6X > .tatsu-column-inner > .tatsu-bottom-divider{z-index: 9999;}.tatsu-Bkdm9Lk6X > .tatsu-column-inner > .tatsu-left-divider{z-index: 9999;}.tatsu-Bkdm9Lk6X > .tatsu-column-inner > .tatsu-right-divider{z-index: 9999;}.tatsu-Bkdm9Lk6X.tatsu-column{transform: translate3d(0px,0px, 0);}@media only screen and (max-width:1377px) {.tatsu-row > .tatsu-Bkdm9Lk6X.tatsu-column{width: 100%;}}@media only screen and (min-width:768px) and (max-width: 1024px) {.tatsu-row > .tatsu-Bkdm9Lk6X.tatsu-column{width: 100%;}}@media only screen and (max-width: 767px) {.tatsu-row > .tatsu-Bkdm9Lk6X.tatsu-column{width: 100%;}}<\/style><\/div><\/div><\/div><div class=\"tatsu-row-wrap  tatsu-wrap tatsu-row-one-col tatsu-row-has-one-cols tatsu-medium-gutter tatsu-reg-cols  tatsu-clearfix tatsu-SklwF3ElaQ\" ><div  class=\"tatsu-row \" ><div  class=\"tatsu-column  tatsu-column-no-bg tatsu-one-col tatsu-column-image-none tatsu-column-effect-none  tatsu-rJDFnNl6Q\" data-animation=\"fadeIn\"   data-parallax-speed=\"0\" style=\"\"><div class=\"tatsu-column-inner \" ><div class=\"tatsu-column-pad-wrap\"><div class=\"tatsu-column-pad\" ><div  class=\"tatsu-module tatsu-text-block-wrap tatsu-S1Vfo8gpX  \"><div class=\"tatsu-text-inner tatsu-align-center  clearfix\" data-animation=\"fadeIn\"  ><style>.tatsu-S1Vfo8gpX.tatsu-text-block-wrap .tatsu-text-inner{width: 100%;}<\/style>\n<h5>Hittar ni inget paket som passar, eller har andra \u00f6nskem\u00e5l, kontakta mig f\u00f6r en offert. Jag \u00e4r flexibel och oftast s\u00e5 hittar vi l\u00f6sningar tillsammans.<\/h5>\n<\/div><\/div><\/div><\/div><div class = \"tatsu-column-bg-image-wrap\"><div class = \"tatsu-column-bg-image\" ><\/div><\/div><\/div><style>.tatsu-row > .tatsu-rJDFnNl6Q.tatsu-column{width: 100%;}.tatsu-rJDFnNl6Q.tatsu-column > .tatsu-column-inner > .tatsu-column-overlay{mix-blend-mode: none;}.tatsu-rJDFnNl6Q > .tatsu-column-inner > .tatsu-top-divider{z-index: 9999;}.tatsu-rJDFnNl6Q > .tatsu-column-inner > .tatsu-bottom-divider{z-index: 9999;}.tatsu-rJDFnNl6Q > .tatsu-column-inner > .tatsu-left-divider{z-index: 9999;}.tatsu-rJDFnNl6Q > .tatsu-column-inner > .tatsu-right-divider{z-index: 9999;}.tatsu-rJDFnNl6Q.tatsu-column{transform: translate3d(0px,0px, 0);}@media only screen and (max-width:1377px) {.tatsu-row > .tatsu-rJDFnNl6Q.tatsu-column{width: 100%;}}@media only screen and (min-width:768px) and (max-width: 1024px) {.tatsu-row > .tatsu-rJDFnNl6Q.tatsu-column{width: 100%;}}@media only screen and (max-width: 767px) {.tatsu-row > .tatsu-rJDFnNl6Q.tatsu-column{width: 100%;}}<\/style><\/div><\/div><\/div><\/div><div class=\"tatsu-section-background-wrap\"><div class = \"tatsu-section-background\" ><\/div><\/div><style>.tatsu-SkbOmcI1aQ .tatsu-section-pad{padding: 90px 0px 90px 0px;}.tatsu-SkbOmcI1aQ > .tatsu-bottom-divider{z-index: 9999;}.tatsu-SkbOmcI1aQ > .tatsu-top-divider{z-index: 9999;}<\/style><\/div><div  class=\"tatsu-rkZwZJSxp7 tatsu-section    tatsu-clearfix\" data-title=\"\"  data-headerscheme=\"background--dark\"><div class='tatsu-section-pad clearfix' data-padding='{\"d\":\"90px 0px 90px 0px\"}' data-padding-top='90px'><div class=\"tatsu-row-wrap  tatsu-wrap tatsu-row-one-col tatsu-row-has-one-cols tatsu-medium-gutter tatsu-reg-cols  tatsu-clearfix tatsu-ByxDbJSl6Q\" ><div  class=\"tatsu-row \" ><div  class=\"tatsu-column  tatsu-column-no-bg tatsu-one-col tatsu-column-image-none tatsu-column-effect-none  tatsu-B1w-1HxTm\" data-animation=\"fadeIn\"   data-parallax-speed=\"0\" style=\"\"><div class=\"tatsu-column-inner \" ><div class=\"tatsu-column-pad-wrap\"><div class=\"tatsu-column-pad\" ><ul class=\"pricing-table sec-border highlight-no oshine-module be-animate tatsu-rkNbfJHgpX\" data-animation=\"fadeIn\"><li class=\"pricing-title\" ><h5 class=\"pricing-title-head-tag\" >HEL DAG (max 12 timmar)<\/h5><\/li><li class=\"pricing-price\"><h2 class=\"price\"><span class=\"currency\"><\/span>Fr\u00e5n 14,995:-<\/h2><span class=\"pricing-duration special-subtitle\"><\/span><\/li><li class=\"pricing-feature no-highlight tatsu-BkWz1BepX\" ><span class=\"pricing-feature-container\" >Paketet med Extra Allt!<\/span><\/li><li class=\"pricing-feature no-highlight tatsu-S1e-fkrx6m\" ><span class=\"pricing-feature-container\" >Ni f\u00e5r massor med bilder fr\u00e5n hela dagen, fr\u00e5n f\u00f6rberedelser till att festen startar<\/span><\/li><li class=\"pricing-feature no-highlight tatsu-BJbWMJrxpQ\" ><span class=\"pricing-feature-container\" >Portr\u00e4ttfotografering p\u00e5 valfri plats<\/span><\/li><li class=\"pricing-feature no-highlight tatsu-Hyz-z1SgaQ\" ><span class=\"pricing-feature-container\" >Jag \u00e4r med fr\u00e5n f\u00f6rberedelserna till att festen b\u00f6rjar, dvs fotograferar f\u00f6re, under och efter vigseln till sena kv\u00e4llen<\/span><\/li><li class=\"pricing-feature no-highlight tatsu-SJQZGyHepm\" ><span class=\"pricing-feature-container\" >Stor Canvas-tavla ing\u00e5r (120x80 cm) - ni v\u00e4ljer bilden!<\/span><\/li><li class=\"pricing-feature no-highlight tatsu-SyXliSlaQ\" ><span class=\"pricing-feature-container\" >50 st Tackkort, vikta, 10x15 inkl kuvert - ni v\u00e4ljer bilden!<\/span><\/li><li class=\"pricing-feature no-highlight tatsu-HJi8YUe67\" ><span class=\"pricing-feature-container\" >Uppskattat antal bilder: 220-400<\/span><\/li><style>.tatsu-rkNbfJHgpX .pricing-title{background-color: #af9f66;}.tatsu-rkNbfJHgpX .pricing-title-head-tag{color: rgba(255,255,255,1) ;}<\/style><\/ul><\/div><\/div><div class = \"tatsu-column-bg-image-wrap\"><div class = \"tatsu-column-bg-image\" ><\/div><\/div><\/div><style>.tatsu-row > .tatsu-B1w-1HxTm.tatsu-column{width: 100%;}.tatsu-B1w-1HxTm.tatsu-column > .tatsu-column-inner > .tatsu-column-overlay{mix-blend-mode: none;}.tatsu-B1w-1HxTm > .tatsu-column-inner > .tatsu-top-divider{z-index: 9999;}.tatsu-B1w-1HxTm > .tatsu-column-inner > .tatsu-bottom-divider{z-index: 9999;}.tatsu-B1w-1HxTm > .tatsu-column-inner > .tatsu-left-divider{z-index: 9999;}.tatsu-B1w-1HxTm > .tatsu-column-inner > .tatsu-right-divider{z-index: 9999;}.tatsu-B1w-1HxTm.tatsu-column{transform: translate3d(0px,0px, 0);}@media only screen and (max-width:1377px) {.tatsu-row > .tatsu-B1w-1HxTm.tatsu-column{width: 100%;}}@media only screen and (min-width:768px) and (max-width: 1024px) {.tatsu-row > .tatsu-B1w-1HxTm.tatsu-column{width: 100%;}}@media only screen and (max-width: 767px) {.tatsu-row > .tatsu-B1w-1HxTm.tatsu-column{width: 100%;}}<\/style><\/div><\/div><\/div><div class=\"tatsu-row-wrap  tatsu-wrap tatsu-row-one-col tatsu-row-has-one-cols tatsu-medium-gutter tatsu-reg-cols  tatsu-clearfix tatsu-rklGpmre6m\" ><div  class=\"tatsu-row \" ><div  class=\"tatsu-column  tatsu-column-no-bg tatsu-one-col tatsu-column-image-none tatsu-column-effect-none  tatsu-HJM67HxTQ\" data-animation=\"fadeIn\"   data-parallax-speed=\"0\" style=\"\"><div class=\"tatsu-column-inner \" ><div class=\"tatsu-column-pad-wrap\"><div class=\"tatsu-column-pad\" ><ul class=\"pricing-table sec-border highlight-yes oshine-module  tatsu-BkEvgLIxam\" data-animation=\"fadeIn\"><li class=\"pricing-title\" ><h5 class=\"pricing-title-head-tag\" >HALV DAG (max 6 timmar)<\/h5><\/li><li class=\"pricing-price\"><h2 class=\"price\"><span class=\"currency\"><\/span>Fr\u00e5n 6995:-<\/h2><span class=\"pricing-duration special-subtitle\"><\/span><\/li><li class=\"pricing-feature no-highlight tatsu-rJwgUUepX\" ><span class=\"pricing-feature-container\" >Fotografering f\u00f6re, under och efter vigseln. Tiderna best\u00e4ms av er.<\/span><\/li><li class=\"pricing-feature no-highlight tatsu-SyDwPIe6m\" ><span class=\"pricing-feature-container\" >Portr\u00e4ttfotografering p\u00e5 valfri plats<\/span><\/li><li class=\"pricing-feature no-highlight tatsu-SJewlLUlTX\" ><span class=\"pricing-feature-container\" >30 st Tackkort, vikta, 10x15 inkl kuvert - ni v\u00e4ljer bilden!<\/span><\/li><li class=\"pricing-feature no-highlight tatsu-H1rQtLgTX\" ><span class=\"pricing-feature-container\" >Upskattat antal bilder: 110-160 st<\/span><\/li><style>.tatsu-BkEvgLIxam .pricing-title{background-color: #af9f66;}.tatsu-BkEvgLIxam .pricing-title-head-tag{color: #ffffff ;}<\/style><\/ul><\/div><\/div><div class = \"tatsu-column-bg-image-wrap\"><div class = \"tatsu-column-bg-image\" ><\/div><\/div><\/div><style>.tatsu-row > .tatsu-HJM67HxTQ.tatsu-column{width: 100%;}.tatsu-HJM67HxTQ.tatsu-column > .tatsu-column-inner > .tatsu-column-overlay{mix-blend-mode: none;}.tatsu-HJM67HxTQ > .tatsu-column-inner > .tatsu-top-divider{z-index: 9999;}.tatsu-HJM67HxTQ > .tatsu-column-inner > .tatsu-bottom-divider{z-index: 9999;}.tatsu-HJM67HxTQ > .tatsu-column-inner > .tatsu-left-divider{z-index: 9999;}.tatsu-HJM67HxTQ > .tatsu-column-inner > .tatsu-right-divider{z-index: 9999;}.tatsu-HJM67HxTQ.tatsu-column{transform: translate3d(0px,0px, 0);}@media only screen and (max-width:1377px) {.tatsu-row > .tatsu-HJM67HxTQ.tatsu-column{width: 100%;}}@media only screen and (min-width:768px) and (max-width: 1024px) {.tatsu-row > .tatsu-HJM67HxTQ.tatsu-column{width: 100%;}}@media only screen and (max-width: 767px) {.tatsu-row > .tatsu-HJM67HxTQ.tatsu-column{width: 100%;}}<\/style><\/div><\/div><\/div><div class=\"tatsu-row-wrap  tatsu-wrap tatsu-row-one-col tatsu-row-has-one-cols tatsu-medium-gutter tatsu-reg-cols  tatsu-clearfix tatsu-BJeFC8LlTX\" ><div  class=\"tatsu-row \" ><div  class=\"tatsu-column  tatsu-column-no-bg tatsu-one-col tatsu-column-image-none tatsu-column-effect-none  tatsu-SyK08Ix6m\" data-animation=\"fadeIn\"   data-parallax-speed=\"0\" style=\"\"><div class=\"tatsu-column-inner \" ><div class=\"tatsu-column-pad-wrap\"><div class=\"tatsu-column-pad\" ><ul class=\"pricing-table sec-border highlight-yes oshine-module  tatsu-Sk4B1DLg6Q\" data-animation=\"fadeIn\"><li class=\"pricing-title\" ><h5 class=\"pricing-title-head-tag\" >VIGSEL OCH PORTR\u00c4TT (max 2 timmar)<\/h5><\/li><li class=\"pricing-price\"><h2 class=\"price\"><span class=\"currency\"><\/span>Fr\u00e5n 4995:-<\/h2><span class=\"pricing-duration special-subtitle\"><\/span><\/li><li class=\"pricing-feature no-highlight tatsu-HkHkvIxam\" ><span class=\"pricing-feature-container\" >Fotografering f\u00f6re, under och efter vigseln.<\/span><\/li><li class=\"pricing-feature no-highlight tatsu-BygS1vUg6m\" ><span class=\"pricing-feature-container\" >Portr\u00e4ttfotografering i anslutning till vigseln (strax f\u00f6re eller strax efter) i anslutning till kyrka\/lokal<\/span><\/li><li class=\"pricing-feature no-highlight tatsu-Skx4_Il6m\" ><span class=\"pricing-feature-container\" >Uppskattat antal bilder: 50-90 st<\/span><\/li><style>.tatsu-Sk4B1DLg6Q .pricing-title{background-color: #af9f66;}.tatsu-Sk4B1DLg6Q .pricing-title-head-tag{color: #ffffff ;}<\/style><\/ul><\/div><\/div><div class = \"tatsu-column-bg-image-wrap\"><div class = \"tatsu-column-bg-image\" ><\/div><\/div><\/div><style>.tatsu-row > .tatsu-SyK08Ix6m.tatsu-column{width: 100%;}.tatsu-SyK08Ix6m.tatsu-column > .tatsu-column-inner > .tatsu-column-overlay{mix-blend-mode: none;}.tatsu-SyK08Ix6m > .tatsu-column-inner > .tatsu-top-divider{z-index: 9999;}.tatsu-SyK08Ix6m > .tatsu-column-inner > .tatsu-bottom-divider{z-index: 9999;}.tatsu-SyK08Ix6m > .tatsu-column-inner > .tatsu-left-divider{z-index: 9999;}.tatsu-SyK08Ix6m > .tatsu-column-inner > .tatsu-right-divider{z-index: 9999;}.tatsu-SyK08Ix6m.tatsu-column{transform: translate3d(0px,0px, 0);}@media only screen and (max-width:1377px) {.tatsu-row > .tatsu-SyK08Ix6m.tatsu-column{width: 100%;}}@media only screen and (min-width:768px) and (max-width: 1024px) {.tatsu-row > .tatsu-SyK08Ix6m.tatsu-column{width: 100%;}}@media only screen and (max-width: 767px) {.tatsu-row > .tatsu-SyK08Ix6m.tatsu-column{width: 100%;}}<\/style><\/div><\/div><\/div><\/div><div class=\"tatsu-section-background-wrap\"><div class = \"tatsu-section-background\" ><\/div><\/div><style>.tatsu-rkZwZJSxp7 .tatsu-section-pad{padding: 90px 0px 90px 0px;}.tatsu-rkZwZJSxp7 > .tatsu-bottom-divider{z-index: 9999;}.tatsu-rkZwZJSxp7 > .tatsu-top-divider{z-index: 9999;}<\/style><\/div>\n","protected":false},"excerpt":{"rendered":"<p><a href=\"https:\/\/cmp.nu\/index.php\/brollop-2\/\" class=\"more-link style1-button\">Read More<\/a><\/p>","protected":false},"author":1,"featured_media":0,"parent":0,"menu_order":0,"comment_status":"closed","ping_status":"closed","template":"","meta":{"jetpack_post_was_ever_published":false},"jetpack_sharing_enabled":true,"jetpack_shortlink":"https:\/\/wp.me\/PaD10l-Sw","_links":{"self":[{"href":"https:\/\/cmp.nu\/index.php\/wp-json\/wp\/v2\/pages\/3380"}],"collection":[{"href":"https:\/\/cmp.nu\/index.php\/wp-json\/wp\/v2\/pages"}],"about":[{"href":"https:\/\/cmp.nu\/index.php\/wp-json\/wp\/v2\/types\/page"}],"author":[{"embeddable":true,"href":"https:\/\/cmp.nu\/index.php\/wp-json\/wp\/v2\/users\/1"}],"replies":[{"embeddable":true,"href":"https:\/\/cmp.nu\/index.php\/wp-json\/wp\/v2\/comments?post=3380"}],"version-history":[{"count":54,"href":"https:\/\/cmp.nu\/index.php\/wp-json\/wp\/v2\/pages\/3380\/revisions"}],"predecessor-version":[{"id":6132,"href":"https:\/\/cmp.nu\/index.php\/wp-json\/wp\/v2\/pages\/3380\/revisions\/6132"}],"wp:attachment":[{"href":"https:\/\/cmp.nu\/index.php\/wp-json\/wp\/v2\/media?parent=3380"}],"curies":[{"name":"wp","href":"https:\/\/api.w.org\/{rel}","templated":true}]}}